{"id":7332,"date":"2024-06-04T10:47:00","date_gmt":"2024-06-04T08:47:00","guid":{"rendered":"https:\/\/www.jjlogistics.fr\/?page_id=7332"},"modified":"2025-01-13T10:18:37","modified_gmt":"2025-01-13T09:18:37","slug":"mention-legales","status":"publish","type":"page","link":"https:\/\/www.jjlogistics.fr\/index.php\/mention-legales\/","title":{"rendered":"Mention l\u00e9gales"},"content":{"rendered":"<p>[et_pb_section fb_built=\u00a0\u00bb1&Prime; admin_label=\u00a0\u00bbHeader\u00a0\u00bb _builder_version=\u00a0\u00bb4.27.4&Prime; _module_preset=\u00a0\u00bbdefault\u00a0\u00bb background_image=\u00a0\u00bbhttps:\/\/www.jjlogistics.fr\/wp-content\/uploads\/2025\/01\/AdobeStock_770829778-scaled.jpeg\u00a0\u00bb custom_padding=\u00a0\u00bb8vw||0px||false|false\u00a0\u00bb hover_enabled=\u00a0\u00bb0&Prime; collapsed=\u00a0\u00bbon\u00a0\u00bb global_colors_info=\u00a0\u00bb{}\u00a0\u00bb title_text=\u00a0\u00bbCrossborder ecommerce, global supply chains, international markets no dust\u00a0\u00bb sticky_enabled=\u00a0\u00bb0&Prime;][et_pb_row custom_padding_last_edited=\u00a0\u00bbon|desktop\u00a0\u00bb _builder_version=\u00a0\u00bb4.22.1&Prime; _module_preset=\u00a0\u00bbdefault\u00a0\u00bb background_color=\u00a0\u00bbgcid-a9d8e14e-2f78-408a-a83c-506939196b52&Prime; custom_padding=\u00a0\u00bb60px|60px|60px|120px|true|false\u00a0\u00bb custom_padding_tablet=\u00a0\u00bb30px|30px|30px|60px|true|false\u00a0\u00bb custom_padding_phone=\u00a0\u00bb20px|20px|20px|40px|true|false\u00a0\u00bb border_radii=\u00a0\u00bboff|30px|30px||\u00a0\u00bb global_colors_info=\u00a0\u00bb{%22gcid-a9d8e14e-2f78-408a-a83c-506939196b52%22:%91%22background_color%22%93}\u00a0\u00bb][et_pb_column type=\u00a0\u00bb4_4&Prime; _builder_version=\u00a0\u00bb4.22.1&Prime; _module_preset=\u00a0\u00bbdefault\u00a0\u00bb global_colors_info=\u00a0\u00bb{}\u00a0\u00bb][et_pb_text _builder_version=\u00a0\u00bb4.27.4&Prime; _module_preset=\u00a0\u00bbfec86e3b-5c52-4697-b050-ed178cc7df07&Prime; header_text_color=\u00a0\u00bb#FFFFFF\u00a0\u00bb global_colors_info=\u00a0\u00bb{}\u00a0\u00bb]<\/p>\n<h1 style=\"text-align: center;\">Mentions L\u00e9gales<\/h1>\n<p>[\/et_pb_text][\/et_pb_column][\/et_pb_row][\/et_pb_section][et_pb_section fb_built=\u00a0\u00bb1&Prime; _builder_version=\u00a0\u00bb4.27.4&Prime; _module_preset=\u00a0\u00bbdefault\u00a0\u00bb global_colors_info=\u00a0\u00bb{}\u00a0\u00bb][et_pb_row _builder_version=\u00a0\u00bb4.27.4&Prime; _module_preset=\u00a0\u00bbdefault\u00a0\u00bb global_colors_info=\u00a0\u00bb{}\u00a0\u00bb][et_pb_column type=\u00a0\u00bb4_4&Prime; _builder_version=\u00a0\u00bb4.27.4&Prime; _module_preset=\u00a0\u00bbdefault\u00a0\u00bb global_colors_info=\u00a0\u00bb{}\u00a0\u00bb][et_pb_text _builder_version=\u00a0\u00bb4.27.4&Prime; _module_preset=\u00a0\u00bbdefault\u00a0\u00bb global_colors_info=\u00a0\u00bb{}\u00a0\u00bb]<\/p>\n<div id=\"CF5f1bcf839a7c7_1-row-16\" class=\"row \">\n<div class=\"col-sm-12  single\">\n<div id=\"html-content-fld_1183409_1\" data-field=\"fld_1183409_1\" class=\"\">\n<h2>1 &#8211; \u00c9dition du site<\/h2>\n<p>En vertu de <a href=\"https:\/\/www.legifrance.gouv.fr\/affichTexte.do?cidTexte=JORFTEXT000000801164#LEGIARTI000042038977\" target=\"_blank\" rel=\"noreferrer noopener\">l&rsquo;article 6 de la loi n\u00b0 2004-575 du 21 juin 2004<\/a> pour la confiance dans l&rsquo;\u00e9conomie num\u00e9rique, il est pr\u00e9cis\u00e9 aux utilisateurs du site internet <strong>www.jjlogistics.fr<\/strong> l&rsquo;identit\u00e9 des diff\u00e9rents intervenants dans le cadre de sa r\u00e9alisation et de son suivi:<\/p>\n<p><strong>Propri\u00e9taire du site : <\/strong>JJ LOGISTICS &#8211; Contact : contact@jjlogistics.fr 0668447912 &#8211; Adresse : 34 RUE ROGER SALENGRO 02430 GAUCHY .<\/p>\n<p><strong>Identification de l&rsquo;entreprise :<\/strong> SASU JJ LOGISTICS au capital social de 500\u20ac &#8211; SIREN : 982668204 &#8211; RCS ou RM : 98266820400018 &#8211; Adresse postale : 34 RUE ROGER SALENGRO 02430 GAUCHY\u00a0<\/p>\n<p><strong>Directeur de la publication : <\/strong> &#8211; Contact : .<\/p>\n<p><strong>H\u00e9bergeur :<\/strong> OVH SAS &#8211; 2 rue Kellermann &#8211; BP 80157 &#8211; 59053 Roubaix Cedex 1 &#8211; T\u00e9l\u00e9phone : 1007<\/p>\n<p><strong>D\u00e9l\u00e9gu\u00e9 \u00e0 la protection des donn\u00e9es : <\/strong> &#8211;<\/p>\n<p><strong>Autres contributeurs :<\/strong><\/p>\n<hr \/>\n<h2>2 &#8211; Propri\u00e9t\u00e9 intellectuelle et contrefa\u00e7ons.<\/h2>\n<p><strong>JJ LOGISTICS<\/strong> est propri\u00e9taire des droits de propri\u00e9t\u00e9 intellectuelle et d\u00e9tient les droits d\u2019usage sur tous les \u00e9l\u00e9ments accessibles sur le site internet, notamment les textes, images, graphismes, logos, vid\u00e9os, architecture, ic\u00f4nes et sons.<\/p>\n<p>Toute reproduction, repr\u00e9sentation, modification, publication, adaptation de tout ou partie des \u00e9l\u00e9ments du site, quel que soit le moyen ou le proc\u00e9d\u00e9 utilis\u00e9, est interdite, sauf autorisation \u00e9crite pr\u00e9alable de <strong>JJ LOGISTICS<\/strong>.<\/p>\n<p>Toute exploitation non autoris\u00e9e du site ou de l\u2019un quelconque des \u00e9l\u00e9ments qu\u2019il contient sera consid\u00e9r\u00e9e comme constitutive d\u2019une contrefa\u00e7on et poursuivie conform\u00e9ment aux dispositions des articles <a href=\"https:\/\/www.legifrance.gouv.fr\/affichCodeArticle.do?idArticle=LEGIARTI000032655082&amp;cidTexte=LEGITEXT000006069414&amp;dateTexte=20160605\" target=\"_blank\" rel=\"noreferrer nofollow noopener\">L.335-2 et suivants du Code de Propri\u00e9t\u00e9 Intellectuelle<\/a>.<\/p>\n<hr \/>\n<h2>3 &#8211; Limitations de responsabilit\u00e9.<\/h2>\n<p><strong>JJ LOGISTICS<\/strong> ne pourra \u00eatre tenu pour responsable des dommages directs et indirects caus\u00e9s au mat\u00e9riel de l\u2019utilisateur, lors de l\u2019acc\u00e8s au site <strong>https:\/\/www.jjlogistics.fr<\/strong>.<\/p>\n<p><strong>JJ LOGISTICS<\/strong> d\u00e9cline toute responsabilit\u00e9 quant \u00e0 l\u2019utilisation qui pourrait \u00eatre faite des informations et contenus pr\u00e9sents sur <strong>https:\/\/www.jjlogistics.fr<\/strong>.<\/p>\n<p><strong>JJ LOGISTICS<\/strong> s\u2019engage \u00e0 s\u00e9curiser au mieux le site <strong>https:\/\/www.jjlogistics.fr<\/strong>, cependant sa responsabilit\u00e9 ne pourra \u00eatre mise en cause si des donn\u00e9es ind\u00e9sirables sont import\u00e9es et install\u00e9es sur son site \u00e0 son insu.<\/p>\n<p>Des espaces interactifs (espace contact ou commentaires) sont \u00e0 la disposition des utilisateurs. <strong>JJ LOGISTICS<\/strong> se r\u00e9serve le droit de supprimer, sans mise en demeure pr\u00e9alable, tout contenu d\u00e9pos\u00e9 dans cet espace qui contreviendrait \u00e0 la l\u00e9gislation applicable en France, en particulier aux dispositions relatives \u00e0 la protection des donn\u00e9es.<\/p>\n<p>Le cas \u00e9ch\u00e9ant, <strong>JJ LOGISTICS<\/strong> se r\u00e9serve \u00e9galement la possibilit\u00e9 de mettre en cause la responsabilit\u00e9 civile et\/ou p\u00e9nale de l\u2019utilisateur, notamment en cas de message \u00e0 caract\u00e8re raciste, injurieux, diffamant, ou pornographique, quel que soit le support utilis\u00e9 (texte, photographie \u2026).<\/p>\n<hr \/>\n<h2>4 &#8211; CNIL et gestion des donn\u00e9es personnelles.<\/h2>\n<p>Conform\u00e9ment aux dispositions de <a href=\"https:\/\/www.legifrance.gouv.fr\/affichTexte.do?cidTexte=JORFTEXT000000886460\" target=\"_blank\" rel=\"noreferrer nofollow noopener\">la loi 78-17 du 6 janvier 1978 modifi\u00e9e<\/a>, l\u2019utilisateur du site <strong>https:\/\/www.jjlogistics.fr<\/strong> dispose d\u2019un droit d\u2019acc\u00e8s, de modification et de suppression des informations collect\u00e9es. Pour exercer ce droit, envoyez un message \u00e0 notre D\u00e9l\u00e9gu\u00e9 \u00e0 la Protection des Donn\u00e9es : &#8211; .<\/p>\n<p>Pour plus d&rsquo;informations sur la fa\u00e7on dont nous traitons vos donn\u00e9es (type de donn\u00e9es, finalit\u00e9, destinataire&#8230;), lisez notre <strong>https:\/\/www.jjlogistics.fr\/index.php\/politique-de-confidentialite\/<\/strong>.<\/p>\n<hr \/>\n<h2>5 &#8211; Liens hypertextes et cookies<\/h2>\n<p>Le site <strong>https:\/\/www.jjlogistics.fr<\/strong> contient des liens hypertextes vers d\u2019autres sites et d\u00e9gage toute responsabilit\u00e9 \u00e0 propos de ces liens externes ou des liens cr\u00e9\u00e9s par d\u2019autres sites vers <strong>https:\/\/www.jjlogistics.fr<\/strong>.<\/p>\n<p>La navigation sur le site <strong>https:\/\/www.jjlogistics.fr<\/strong> est susceptible de provoquer l\u2019installation de cookie(s) sur l\u2019ordinateur de l\u2019utilisateur.<\/p>\n<p>Un \u00ab\u00a0cookie\u00a0\u00bb est un fichier de petite taille qui enregistre des informations relatives \u00e0 la navigation d\u2019un utilisateur sur un site. Les donn\u00e9es ainsi obtenues permettent d&rsquo;obtenir des mesures de fr\u00e9quentation, par exemple.<\/p>\n<p>Vous avez la possibilit\u00e9 <strong>d\u2019accepter ou de refuser les cookies<\/strong> en modifiant les param\u00e8tres de votre navigateur. Aucun cookie ne sera d\u00e9pos\u00e9 sans votre consentement.<\/p>\n<p>Les cookies sont enregistr\u00e9s pour une dur\u00e9e maximale de mois.<\/p>\n<p>Pour plus d&rsquo;informations sur la fa\u00e7on dont nous faisons usage des cookies, lisez notre <strong>https:\/\/www.jjlogistics.fr\/index.php\/politique-de-confidentialite\/<\/strong>. <\/p>\n<hr \/>\n<h2>6 &#8211; Droit applicable et attribution de juridiction.<\/h2>\n<p>Tout litige en relation avec l\u2019utilisation du site <strong>https:\/\/www.jjlogistics.fr<\/strong> est soumis au droit fran\u00e7ais. En dehors des cas o\u00f9 la loi ne le permet pas, il est fait attribution exclusive de juridiction aux tribunaux comp\u00e9tents de <strong>SAINT-QUENTIN<\/strong>.<\/p>\n<\/div>\n<\/div>\n<\/div>\n<p>[\/et_pb_text][\/et_pb_column][\/et_pb_row][\/et_pb_section][et_pb_section fb_built=\u00a0\u00bb1&Prime; admin_label=\u00a0\u00bbFooter\u00a0\u00bb _builder_version=\u00a0\u00bb4.21.0&Prime; _module_preset=\u00a0\u00bbdefault\u00a0\u00bb background_color=\u00a0\u00bb#000000&Prime; custom_padding=\u00a0\u00bb1px||0px|||\u00a0\u00bb saved_tabs=\u00a0\u00bball\u00a0\u00bb locked=\u00a0\u00bboff\u00a0\u00bb collapsed=\u00a0\u00bbon\u00a0\u00bb global_colors_info=\u00a0\u00bb{}\u00a0\u00bb][et_pb_row column_structure=\u00a0\u00bb1_2,1_2&Prime; _builder_version=\u00a0\u00bb4.27.3&Prime; _module_preset=\u00a0\u00bbdefault\u00a0\u00bb custom_padding=\u00a0\u00bb||1px|||\u00a0\u00bb global_colors_info=\u00a0\u00bb{}\u00a0\u00bb][et_pb_column type=\u00a0\u00bb1_2&Prime; _builder_version=\u00a0\u00bb4.19.1&Prime; _module_preset=\u00a0\u00bbdefault\u00a0\u00bb global_colors_info=\u00a0\u00bb{}\u00a0\u00bb][et_pb_image src=\u00a0\u00bbhttps:\/\/www.jjlogistics.fr\/wp-content\/uploads\/2024\/09\/JJ-LOGISTICS2-1.png\u00a0\u00bb title_text=\u00a0\u00bbJJ LOGISTICS2&Prime; _builder_version=\u00a0\u00bb4.27.3&Prime; _module_preset=\u00a0\u00bbdefault\u00a0\u00bb width=\u00a0\u00bb100%\u00a0\u00bb max_width=\u00a0\u00bb100%\u00a0\u00bb min_height=\u00a0\u00bb126px\u00a0\u00bb max_height=\u00a0\u00bb64px\u00a0\u00bb custom_margin=\u00a0\u00bb||8px|||\u00a0\u00bb custom_padding=\u00a0\u00bb||0px|||\u00a0\u00bb global_colors_info=\u00a0\u00bb{}\u00a0\u00bb][\/et_pb_image][et_pb_text _builder_version=\u00a0\u00bb4.27.4&Prime; _module_preset=\u00a0\u00bb39308f8f-2413-44a0-a7fa-c76164dfabcf\u00a0\u00bb text_text_color=\u00a0\u00bb#FFFFFF\u00a0\u00bb global_colors_info=\u00a0\u00bb{}\u00a0\u00bb]<\/p>\n<p style=\"text-align: justify;\"><strong>Votre partenaire en transport routier sur mesure<\/strong><\/p>\n<p style=\"text-align: justify;\">Nous mettons \u00e0 votre disposition des solutions logistiques fiables et flexibles pour r\u00e9pondre \u00e0 tous vos besoins de transport. Avec notre r\u00e9seau de partenaires et notre expertise en gestion des flux routiers, nous assurons l&rsquo;acheminement rapide et s\u00e9curis\u00e9 de vos marchandises.<\/p>\n<p style=\"text-align: justify;\"><strong>Contactez-nous<\/strong> : <span style=\"color: #33cccc;\"><a rel=\"noopener\" style=\"color: #33cccc;\">Contact@jjlogistics.fr<\/a><\/span><\/p>\n<p>[\/et_pb_text][\/et_pb_column][et_pb_column type=\u00a0\u00bb1_2&Prime; _builder_version=\u00a0\u00bb4.27.3&Prime; _module_preset=\u00a0\u00bbdefault\u00a0\u00bb custom_padding=\u00a0\u00bb|42px||42px|false|true\u00a0\u00bb global_colors_info=\u00a0\u00bb{}\u00a0\u00bb][et_pb_text _builder_version=\u00a0\u00bb4.27.3&Prime; _module_preset=\u00a0\u00bbb23e58da-c4a2-4e01-8b1a-c8cd9438162a\u00a0\u00bb header_4_text_color=\u00a0\u00bb#FFFFFF\u00a0\u00bb custom_margin=\u00a0\u00bb||1px|||\u00a0\u00bb custom_padding=\u00a0\u00bb20px||||false|false\u00a0\u00bb border_color_all=\u00a0\u00bbrgba(255,255,255,0.2)\u00a0\u00bb border_width_top=\u00a0\u00bb1px\u00a0\u00bb global_colors_info=\u00a0\u00bb{}\u00a0\u00bb]<\/p>\n<h4>Services<\/h4>\n<p>[\/et_pb_text][et_pb_text _builder_version=\u00a0\u00bb4.27.4&Prime; _module_preset=\u00a0\u00bbdefault\u00a0\u00bb text_text_color=\u00a0\u00bb#FFFFFF\u00a0\u00bb link_text_color=\u00a0\u00bb#FFFFFF\u00a0\u00bb custom_margin=\u00a0\u00bb||10px||false|false\u00a0\u00bb link_option_url=\u00a0\u00bbhttps:\/\/www.jjlogistics.fr\/index.php\/supply-chain\/\u00a0\u00bb global_colors_info=\u00a0\u00bb{}\u00a0\u00bb]<\/p>\n<p><a href=\"https:\/\/www.jjlogistics.fr\/index.php\/supply-chain\/\">Supply Chain<\/a><\/p>\n<p>[\/et_pb_text][et_pb_text _builder_version=\u00a0\u00bb4.27.4&Prime; _module_preset=\u00a0\u00bbdefault\u00a0\u00bb text_text_color=\u00a0\u00bb#FFFFFF\u00a0\u00bb link_text_color=\u00a0\u00bb#FFFFFF\u00a0\u00bb custom_margin=\u00a0\u00bb||10px||false|false\u00a0\u00bb link_option_url=\u00a0\u00bbhttps:\/\/www.jjlogistics.fr\/index.php\/transport-national-et-international\/\u00a0\u00bb global_colors_info=\u00a0\u00bb{}\u00a0\u00bb]<\/p>\n<p><a href=\"https:\/\/www.jjlogistics.fr\/index.php\/transport-national-et-international\/\">Transport<\/a><\/p>\n<p>[\/et_pb_text][et_pb_text _builder_version=\u00a0\u00bb4.27.4&Prime; _module_preset=\u00a0\u00bbdefault\u00a0\u00bb text_text_color=\u00a0\u00bb#FFFFFF\u00a0\u00bb link_text_color=\u00a0\u00bb#FFFFFF\u00a0\u00bb custom_margin=\u00a0\u00bb||10px||false|false\u00a0\u00bb link_option_url=\u00a0\u00bbhttps:\/\/www.jjlogistics.fr\/index.php\/solution-de-transport\/\u00a0\u00bb global_colors_info=\u00a0\u00bb{}\u00a0\u00bb]<\/p>\n<p><a href=\"https:\/\/www.jjlogistics.fr\/index.php\/solution-de-transport\/\">Solutions de Transport Sp\u00e9cialis\u00e9es<\/a><\/p>\n<p>[\/et_pb_text][et_pb_text _builder_version=\u00a0\u00bb4.27.4&Prime; _module_preset=\u00a0\u00bbdefault\u00a0\u00bb text_text_color=\u00a0\u00bb#FFFFFF\u00a0\u00bb link_text_color=\u00a0\u00bb#FFFFFF\u00a0\u00bb custom_margin=\u00a0\u00bb||10px||false|false\u00a0\u00bb link_option_url=\u00a0\u00bbhttps:\/\/www.jjlogistics.fr\/index.php\/formalites-douanieres-et-conformite\/\u00a0\u00bb global_colors_info=\u00a0\u00bb{}\u00a0\u00bb]<\/p>\n<p><a href=\"https:\/\/www.jjlogistics.fr\/index.php\/formalites-douanieres-et-conformite\/\">Formalit\u00e9s Douani\u00e8res et Conformit\u00e9<\/a><\/p>\n<p>[\/et_pb_text][et_pb_text _builder_version=\u00a0\u00bb4.27.4&Prime; _module_preset=\u00a0\u00bbdefault\u00a0\u00bb text_text_color=\u00a0\u00bb#FFFFFF\u00a0\u00bb link_text_color=\u00a0\u00bb#FFFFFF\u00a0\u00bb custom_margin=\u00a0\u00bb||10px||false|false\u00a0\u00bb link_option_url=\u00a0\u00bbhttps:\/\/www.jjlogistics.fr\/index.php\/suivi-et-tracabilite\/\u00a0\u00bb global_colors_info=\u00a0\u00bb{}\u00a0\u00bb]<\/p>\n<p><a href=\"https:\/\/www.jjlogistics.fr\/index.php\/suivi-et-tracabilite\/\">Suivi et Tra\u00e7abilit\u00e9 en Temps R\u00e9el<\/a><\/p>\n<p>[\/et_pb_text][et_pb_text _builder_version=\u00a0\u00bb4.27.4&Prime; _module_preset=\u00a0\u00bbdefault\u00a0\u00bb text_text_color=\u00a0\u00bb#FFFFFF\u00a0\u00bb link_text_color=\u00a0\u00bb#FFFFFF\u00a0\u00bb custom_margin=\u00a0\u00bb||10px||false|false\u00a0\u00bb global_colors_info=\u00a0\u00bb{}\u00a0\u00bb]<\/p>\n<p><a href=\"https:\/\/www.jjlogistics.fr\/index.php\/assurance-transport\/\">Assurance Transport<\/a><\/p>\n<p>[\/et_pb_text][et_pb_text _builder_version=\u00a0\u00bb4.27.3&Prime; _module_preset=\u00a0\u00bbb23e58da-c4a2-4e01-8b1a-c8cd9438162a\u00a0\u00bb header_4_text_color=\u00a0\u00bb#FFFFFF\u00a0\u00bb custom_padding=\u00a0\u00bb17px||||false|false\u00a0\u00bb border_color_all=\u00a0\u00bbrgba(255,255,255,0.2)\u00a0\u00bb border_width_top=\u00a0\u00bb1px\u00a0\u00bb global_colors_info=\u00a0\u00bb{}\u00a0\u00bb]<\/p>\n<h4>A propos<\/h4>\n<p>[\/et_pb_text][et_pb_text _builder_version=\u00a0\u00bb4.27.4&Prime; _module_preset=\u00a0\u00bbdefault\u00a0\u00bb text_text_color=\u00a0\u00bb#FFFFFF\u00a0\u00bb link_text_color=\u00a0\u00bb#FFFFFF\u00a0\u00bb custom_margin=\u00a0\u00bb||10px||false|false\u00a0\u00bb global_colors_info=\u00a0\u00bb{}\u00a0\u00bb]<\/p>\n<p><a href=\"https:\/\/www.jjlogistics.fr\/index.php\/a-propos\/\">Qui sommes nous ?<\/a><\/p>\n<p>[\/et_pb_text][\/et_pb_column][\/et_pb_row][et_pb_row _builder_version=\u00a0\u00bb4.27.4&Prime; _module_preset=\u00a0\u00bbdefault\u00a0\u00bb global_colors_info=\u00a0\u00bb{}\u00a0\u00bb][et_pb_column type=\u00a0\u00bb4_4&Prime; _builder_version=\u00a0\u00bb4.27.3&Prime; _module_preset=\u00a0\u00bbdefault\u00a0\u00bb global_colors_info=\u00a0\u00bb{}\u00a0\u00bb][et_pb_text _builder_version=\u00a0\u00bb4.27.4&Prime; _module_preset=\u00a0\u00bbdefault\u00a0\u00bb global_colors_info=\u00a0\u00bb{}\u00a0\u00bb]<\/p>\n<p style=\"text-align: center;\">\u00a9 Copyright 2024 JJLOGISTICS &#8211; <span style=\"color: #33cccc;\"><a href=\"https:\/\/www.jjlogistics.fr\/index.php\/mention-legales\/\" rel=\"nofollow\" style=\"color: #33cccc;\"> Mentions l\u00e9gales &#038; Cookies<\/a> [\/et_pb_text][\/et_pb_column][\/et_pb_row][\/et_pb_section]<\/p>\n","protected":false},"excerpt":{"rendered":"<p>Mentions L\u00e9gales 1 &#8211; \u00c9dition du site En vertu de l&rsquo;article 6 de la loi n\u00b0 2004-575 du 21 juin 2004 pour la confiance dans l&rsquo;\u00e9conomie num\u00e9rique, il est pr\u00e9cis\u00e9 aux utilisateurs du site internet www.jjlogistics.fr l&rsquo;identit\u00e9 des diff\u00e9rents intervenants dans le cadre de sa r\u00e9alisation et de son suivi: Propri\u00e9taire du site : JJ [&hellip;]<\/p>\n","protected":false},"author":1,"featured_media":0,"parent":0,"menu_order":0,"comment_status":"closed","ping_status":"closed","template":"","meta":{"_et_pb_use_builder":"on","_et_pb_old_content":"<h2>1 - \u00c9dition du site<\/h2><p>En vertu de <a href=\"https:\/\/www.legifrance.gouv.fr\/affichTexte.do?cidTexte=JORFTEXT000000801164#LEGIARTI000042038977\" target=\"_blank\" rel=\"noreferrer noopener\">l'article 6 de la loi n\u00b0 2004-575 du 21 juin 2004<\/a> pour la confiance dans l'\u00e9conomie num\u00e9rique, il est pr\u00e9cis\u00e9 aux utilisateurs du site internet <strong>https:\/\/www.jjlogistics.fr<\/strong> l'identit\u00e9 des diff\u00e9rents intervenants dans le cadre de sa r\u00e9alisation et de son suivi:<\/p><p><strong>Propri\u00e9taire du site : <\/strong>JJ LOGISTICS - Contact : contact@jjlogistics.fr 0668447912 - Adresse : 34 RUE ROGER SALENGRO 02430 GAUCHY .<\/p><p><strong>Identification de l'entreprise :<\/strong> SASU JJ LOGISTICS au capital social de 500\u20ac - SIREN : 982668204 - RCS ou RM : 98266820400018 - Adresse postale : 34 RUE ROGER SALENGRO 02430 GAUCHY\u00a0<\/p><p><strong>Directeur de la publication : <\/strong> - Contact : .<\/p><p><strong>H\u00e9bergeur :<\/strong> OVH SAS - 2 rue Kellermann - BP 80157 - 59053 Roubaix Cedex 1 - T\u00e9l\u00e9phone : 1007<\/p><p><strong>D\u00e9l\u00e9gu\u00e9 \u00e0 la protection des donn\u00e9es : <\/strong> -<\/p><p><strong>Autres contributeurs :<\/strong><\/p><hr \/><h2>2 - Propri\u00e9t\u00e9 intellectuelle et contrefa\u00e7ons.<\/h2><p><strong>JJ LOGISTICS<\/strong> est propri\u00e9taire des droits de propri\u00e9t\u00e9 intellectuelle et d\u00e9tient les droits d\u2019usage sur tous les \u00e9l\u00e9ments accessibles sur le site internet, notamment les textes, images, graphismes, logos, vid\u00e9os, architecture, ic\u00f4nes et sons.<\/p><p>Toute reproduction, repr\u00e9sentation, modification, publication, adaptation de tout ou partie des \u00e9l\u00e9ments du site, quel que soit le moyen ou le proc\u00e9d\u00e9 utilis\u00e9, est interdite, sauf autorisation \u00e9crite pr\u00e9alable de <strong>JJ LOGISTICS<\/strong>.<\/p><p>Toute exploitation non autoris\u00e9e du site ou de l\u2019un quelconque des \u00e9l\u00e9ments qu\u2019il contient sera consid\u00e9r\u00e9e comme constitutive d\u2019une contrefa\u00e7on et poursuivie conform\u00e9ment aux dispositions des articles <a href=\"https:\/\/www.legifrance.gouv.fr\/affichCodeArticle.do?idArticle=LEGIARTI000032655082&amp;cidTexte=LEGITEXT000006069414&amp;dateTexte=20160605\" target=\"_blank\" rel=\"noreferrer nofollow noopener\">L.335-2 et suivants du Code de Propri\u00e9t\u00e9 Intellectuelle<\/a>.<\/p><hr \/><h2>3 - Limitations de responsabilit\u00e9.<\/h2><p><strong>JJ LOGISTICS<\/strong> ne pourra \u00eatre tenu pour responsable des dommages directs et indirects caus\u00e9s au mat\u00e9riel de l\u2019utilisateur, lors de l\u2019acc\u00e8s au site <strong>https:\/\/www.jjlogistics.fr<\/strong>.<\/p><p><strong>JJ LOGISTICS<\/strong> d\u00e9cline toute responsabilit\u00e9 quant \u00e0 l\u2019utilisation qui pourrait \u00eatre faite des informations et contenus pr\u00e9sents sur <strong>https:\/\/www.jjlogistics.fr<\/strong>.<\/p><p><strong>JJ LOGISTICS<\/strong> s\u2019engage \u00e0 s\u00e9curiser au mieux le site <strong>https:\/\/www.jjlogistics.fr<\/strong>, cependant sa responsabilit\u00e9 ne pourra \u00eatre mise en cause si des donn\u00e9es ind\u00e9sirables sont import\u00e9es et install\u00e9es sur son site \u00e0 son insu.<\/p><p>Des espaces interactifs (espace contact ou commentaires) sont \u00e0 la disposition des utilisateurs. <strong>JJ LOGISTICS<\/strong> se r\u00e9serve le droit de supprimer, sans mise en demeure pr\u00e9alable, tout contenu d\u00e9pos\u00e9 dans cet espace qui contreviendrait \u00e0 la l\u00e9gislation applicable en France, en particulier aux dispositions relatives \u00e0 la protection des donn\u00e9es.<\/p><p>Le cas \u00e9ch\u00e9ant, <strong>JJ LOGISTICS<\/strong> se r\u00e9serve \u00e9galement la possibilit\u00e9 de mettre en cause la responsabilit\u00e9 civile et\/ou p\u00e9nale de l\u2019utilisateur, notamment en cas de message \u00e0 caract\u00e8re raciste, injurieux, diffamant, ou pornographique, quel que soit le support utilis\u00e9 (texte, photographie \u2026).<\/p><hr \/><h2>4 - CNIL et gestion des donn\u00e9es personnelles.<\/h2><p>Conform\u00e9ment aux dispositions de <a href=\"https:\/\/www.legifrance.gouv.fr\/affichTexte.do?cidTexte=JORFTEXT000000886460\" target=\"_blank\" rel=\"noreferrer nofollow noopener\">la loi 78-17 du 6 janvier 1978 modifi\u00e9e<\/a>, l\u2019utilisateur du site <strong>https:\/\/www.jjlogistics.fr<\/strong> dispose d\u2019un droit d\u2019acc\u00e8s, de modification et de suppression des informations collect\u00e9es. Pour exercer ce droit, envoyez un message \u00e0 notre D\u00e9l\u00e9gu\u00e9 \u00e0 la Protection des Donn\u00e9es : - .<\/p><p>Pour plus d'informations sur la fa\u00e7on dont nous traitons vos donn\u00e9es (type de donn\u00e9es, finalit\u00e9, destinataire...), lisez notre <strong>https:\/\/www.jjlogistics.fr\/index.php\/politique-de-confidentialite\/<\/strong>. [Consignes : ajoutez ici le lien hypertexte vers votre politique de confidentialit\u00e9]<\/p><hr \/><h2>5 - Liens hypertextes et cookies<\/h2><p>Le site <strong>https:\/\/www.jjlogistics.fr<\/strong> contient des liens hypertextes vers d\u2019autres sites et d\u00e9gage toute responsabilit\u00e9 \u00e0 propos de ces liens externes ou des liens cr\u00e9\u00e9s par d\u2019autres sites vers <strong>https:\/\/www.jjlogistics.fr<\/strong>.<\/p><p>La navigation sur le site <strong>https:\/\/www.jjlogistics.fr<\/strong> est susceptible de provoquer l\u2019installation de cookie(s) sur l\u2019ordinateur de l\u2019utilisateur.<\/p><p>Un \"cookie\" est un fichier de petite taille qui enregistre des informations relatives \u00e0 la navigation d\u2019un utilisateur sur un site. Les donn\u00e9es ainsi obtenues permettent d'obtenir des mesures de fr\u00e9quentation, par exemple.<\/p><p>Vous avez la possibilit\u00e9 <strong>d\u2019accepter ou de refuser les cookies<\/strong> en modifiant les param\u00e8tres de votre navigateur. Aucun cookie ne sera d\u00e9pos\u00e9 sans votre consentement.<\/p><p>Les cookies sont enregistr\u00e9s pour une dur\u00e9e maximale de mois.<\/p><p>Pour plus d'informations sur la fa\u00e7on dont nous faisons usage des cookies, lisez notre <strong>https:\/\/www.jjlogistics.fr\/index.php\/politique-de-confidentialite\/<\/strong>. [Consignes : ajoutez ici le lien hypertexte vers votre politique de confidentialit\u00e9 ou vers votre politique de cookies si vous en avez une (c'est le cas si vous utilisez Complianz)]<\/p><hr \/><h2>6 - Droit applicable et attribution de juridiction.<\/h2><p>Tout litige en relation avec l\u2019utilisation du site <strong>https:\/\/www.jjlogistics.fr<\/strong> est soumis au droit fran\u00e7ais. En dehors des cas o\u00f9 la loi ne le permet pas, il est fait attribution exclusive de juridiction aux tribunaux comp\u00e9tents de <strong>SAINT-QUENTIN<\/strong>.<\/p>","_et_gb_content_width":"","footnotes":""},"class_list":["post-7332","page","type-page","status-publish","hentry"],"_links":{"self":[{"href":"https:\/\/www.jjlogistics.fr\/index.php\/wp-json\/wp\/v2\/pages\/7332","targetHints":{"allow":["GET"]}}],"collection":[{"href":"https:\/\/www.jjlogistics.fr\/index.php\/wp-json\/wp\/v2\/pages"}],"about":[{"href":"https:\/\/www.jjlogistics.fr\/index.php\/wp-json\/wp\/v2\/types\/page"}],"author":[{"embeddable":true,"href":"https:\/\/www.jjlogistics.fr\/index.php\/wp-json\/wp\/v2\/users\/1"}],"replies":[{"embeddable":true,"href":"https:\/\/www.jjlogistics.fr\/index.php\/wp-json\/wp\/v2\/comments?post=7332"}],"version-history":[{"count":12,"href":"https:\/\/www.jjlogistics.fr\/index.php\/wp-json\/wp\/v2\/pages\/7332\/revisions"}],"predecessor-version":[{"id":8315,"href":"https:\/\/www.jjlogistics.fr\/index.php\/wp-json\/wp\/v2\/pages\/7332\/revisions\/8315"}],"wp:attachment":[{"href":"https:\/\/www.jjlogistics.fr\/index.php\/wp-json\/wp\/v2\/media?parent=7332"}],"curies":[{"name":"wp","href":"https:\/\/api.w.org\/{rel}","templated":true}]}}